{"id":506,"date":"2023-07-03T10:40:23","date_gmt":"2023-07-03T10:40:23","guid":{"rendered":"https:\/\/tromp-rail.eu\/?page_id=506"},"modified":"2023-07-03T10:41:45","modified_gmt":"2023-07-03T10:41:45","slug":"consult-industriele-railsystemen","status":"publish","type":"page","link":"https:\/\/tromp-rail.eu\/nl\/consult-industriele-railsystemen\/","title":{"rendered":"Consult industri\u00eble railsystemen"},"content":{"rendered":"\n\t\t<div id=\"fws_6a0076eb9990a\"  data-column-margin=\"default\" data-midnight=\"dark\"  class=\"wpb_row vc_row-fluid vc_row\"  style=\"padding-top: 0px; padding-bottom: 0px; \"><div class=\"row-bg-wrap\" data-bg-animation=\"none\" data-bg-overlay=\"false\"><div class=\"inner-wrap\"><div class=\"row-bg viewport-desktop\"  style=\"\"><\/div><\/div><\/div><div class=\"row_col_wrap_12 col span_12 dark left\">\n\t<div  class=\"vc_col-sm-12 wpb_column column_container vc_column_container col no-extra-padding inherit_tablet inherit_phone \"  data-padding-pos=\"all\" data-has-bg-color=\"false\" data-bg-color=\"\" data-bg-opacity=\"1\" data-animation=\"\" data-delay=\"0\" >\n\t\t<div class=\"vc_column-inner\" >\n\t\t\t<div class=\"wpb_wrapper\">\n\t\t\t\t\n<div class=\"wpb_text_column wpb_content_element \" >\n\t<div class=\"wpb_wrapper\">\n\t\t<style>a{text-decoration: underline;}.link_text{text-decoration: none;}<\/style>\n\t<\/div>\n<\/div>\n\n\n\n\n\t\t\t<\/div> \n\t\t<\/div>\n\t<\/div> \n<\/div><\/div>\n\t\t<div id=\"fws_6a0076eb9a634\"  data-column-margin=\"default\" data-midnight=\"dark\" data-top-percent=\"5%\"  class=\"wpb_row vc_row-fluid vc_row full-width-section\"  style=\"padding-top: calc(100vw * 0.05); padding-bottom: 0px; \"><div class=\"row-bg-wrap\" data-bg-animation=\"none\" data-bg-overlay=\"true\"><div class=\"inner-wrap\"><div class=\"row-bg viewport-desktop\"  style=\"\"><\/div><\/div><div class=\"row-bg-overlay\" style=\"background: #eaf1fd; background: linear-gradient(to bottom,#eaf1fd 0%,#ffffff 100%);  opacity: 1; \"><\/div><\/div><div class=\"row_col_wrap_12 col span_12 dark left\">\n\t<div  class=\"vc_col-sm-6 wpb_column column_container vc_column_container col no-extra-padding inherit_tablet inherit_phone \"  data-padding-pos=\"all\" data-has-bg-color=\"false\" data-bg-color=\"\" data-bg-opacity=\"1\" data-animation=\"\" data-delay=\"0\" >\n\t\t<div class=\"vc_column-inner\" >\n\t\t\t<div class=\"wpb_wrapper\">\n\t\t\t\t<div class=\"nectar-split-heading  font_size_phone_45px \" data-align=\"default\" data-m-align=\"inherit\" data-text-effect=\"default\" data-animation-type=\"line-reveal-by-space\" data-animation-delay=\"0\" data-animation-offset=\"\" data-m-rm-animation=\"\" data-stagger=\"\" data-custom-font-size=\"false\" ><h1 >Consult over industri\u00eble railsystemen<\/h1><\/div><div class=\"nectar-split-heading \" data-align=\"default\" data-m-align=\"inherit\" data-text-effect=\"default\" data-animation-type=\"line-reveal-by-space\" data-animation-delay=\"0\" data-animation-offset=\"\" data-m-rm-animation=\"\" data-stagger=\"\" data-custom-font-size=\"false\" ><p >Tromp-rail BV uit Lelystad is gespecialiseerd in het uitbrengen van een consult over industri\u00eble railsystemen. Ik breng advies uit op verschillende vlakken rondom railsysteem engineering. Het ontwerpen en ontwikkelen  van railsystemen is namelijk een complexe discipline binnen de spoorwegtechniek. Om dit juist uit te voeren schakelt u de hulp in van deze expert.<\/p><\/div>\n<div class=\"wpb_text_column wpb_content_element  vc_custom_1688380815170\" >\n\t<div class=\"wpb_wrapper\">\n\t\t<h4><strong>Wil je meer weten over industri\u00eble railsystemen?<br \/>\n<\/strong><\/h4>\n\t<\/div>\n<\/div>\n\n\n\n<div class=\"nectar-cta  alignment_tablet_default alignment_phone_default display_tablet_inherit display_phone_inherit \" data-color=\"extra-color-2\" data-using-bg=\"true\" data-style=\"basic\" data-display=\"block\" data-alignment=\"left\" data-text-color=\"custom\" ><h6 style=\"color: #ffffff;\"><span class=\"link_wrap\" style=\"padding-top: 15px; padding-right: 10px; padding-bottom: 15px; padding-left: 10px;\"><a  class=\"link_text\" href=\"\/contact\/\"><span class=\"text\">Neem contact op<\/span><\/a><\/span><\/h6><\/div>\n\t\t\t<\/div> \n\t\t<\/div>\n\t<\/div> \n\n\t<div  class=\"vc_col-sm-6 wpb_column column_container vc_column_container col no-extra-padding inherit_tablet inherit_phone \"  data-padding-pos=\"all\" data-has-bg-color=\"false\" data-bg-color=\"\" data-bg-opacity=\"1\" data-animation=\"\" data-delay=\"0\" >\n\t\t<div class=\"vc_column-inner\" >\n\t\t\t<div class=\"wpb_wrapper\">\n\t\t\t\t<div class=\"img-with-aniamtion-wrap center\" data-max-width=\"100%\" data-max-width-mobile=\"default\" data-border-radius=\"5px\" data-shadow=\"none\" data-animation=\"ro-reveal-from-right\" >\n      <div class=\"inner\">\n        <div class=\"hover-wrap\"> \n          <div class=\"hover-wrap-inner\">\n            <img decoding=\"async\" class=\"img-with-animation skip-lazy \" data-delay=\"0\" height=\"1080\" width=\"1630\" data-animation=\"ro-reveal-from-right\" src=\"https:\/\/tromp-rail.eu\/wp-content\/uploads\/2022\/06\/DSC_1993-scaled.jpg\" alt=\"trein op spoorweg\" srcset=\"https:\/\/tromp-rail.eu\/wp-content\/uploads\/2022\/06\/DSC_1993-scaled.jpg 1630w, https:\/\/tromp-rail.eu\/wp-content\/uploads\/2022\/06\/DSC_1993-300x199.jpg 300w, https:\/\/tromp-rail.eu\/wp-content\/uploads\/2022\/06\/DSC_1993-1024x678.jpg 1024w, https:\/\/tromp-rail.eu\/wp-content\/uploads\/2022\/06\/DSC_1993-768x509.jpg 768w, https:\/\/tromp-rail.eu\/wp-content\/uploads\/2022\/06\/DSC_1993-1536x1017.jpg 1536w, https:\/\/tromp-rail.eu\/wp-content\/uploads\/2022\/06\/DSC_1993-2048x1356.jpg 2048w\" sizes=\"(max-width: 1630px) 100vw, 1630px\" \/>\n          <\/div>\n        <\/div>\n      <\/div>\n    <\/div>\n\t\t\t<\/div> \n\t\t<\/div>\n\t<\/div> \n<\/div><\/div>\n\t\t<div id=\"fws_6a0076eb9bd98\"  data-column-margin=\"default\" data-midnight=\"dark\"  class=\"wpb_row vc_row-fluid vc_row\"  style=\"padding-top: 35px; padding-bottom: 35px; \"><div class=\"row-bg-wrap\" data-bg-animation=\"none\" data-bg-overlay=\"false\"><div class=\"inner-wrap\"><div class=\"row-bg viewport-desktop\"  style=\"\"><\/div><\/div><\/div><div class=\"row_col_wrap_12 col span_12 dark center\">\n\t<div  class=\"vc_col-sm-4 wpb_column column_container vc_column_container col centered-text no-extra-padding inherit_tablet inherit_phone \"  data-padding-pos=\"all\" data-has-bg-color=\"false\" data-bg-color=\"\" data-bg-opacity=\"1\" data-animation=\"\" data-delay=\"0\" >\n\t\t<div class=\"vc_column-inner\" >\n\t\t\t<div class=\"wpb_wrapper\">\n\t\t\t\t<div class=\"nectar-fancy-ul\" data-list-icon=\"none\" data-animation=\"false\" data-animation-delay=\"0\" data-color=\"accent-color\" data-spacing=\"default\" data-alignment=\"left\"> \n<ul>\n<li><span style=\"color: #3366ff;\"><strong>\u2713<\/strong> <\/span>ERTMS-expert<\/li>\n<\/ul>\n <\/div>\n\t\t\t<\/div> \n\t\t<\/div>\n\t<\/div> \n\n\t<div  class=\"vc_col-sm-4 wpb_column column_container vc_column_container col centered-text no-extra-padding inherit_tablet inherit_phone \"  data-padding-pos=\"all\" data-has-bg-color=\"false\" data-bg-color=\"\" data-bg-opacity=\"1\" data-animation=\"\" data-delay=\"0\" >\n\t\t<div class=\"vc_column-inner\" >\n\t\t\t<div class=\"wpb_wrapper\">\n\t\t\t\t<div class=\"nectar-fancy-ul\" data-list-icon=\"none\" data-animation=\"false\" data-animation-delay=\"0\" data-color=\"accent-color\" data-spacing=\"default\" data-alignment=\"left\"> \n<ul>\n<li><span style=\"color: #3366ff;\"><strong>\u2713<\/strong>\u00a0<\/span>Onafhankelijke organisatie<\/li>\n<\/ul>\n <\/div>\n\t\t\t<\/div> \n\t\t<\/div>\n\t<\/div> \n\n\t<div  class=\"vc_col-sm-4 wpb_column column_container vc_column_container col centered-text no-extra-padding inherit_tablet inherit_phone \"  data-padding-pos=\"all\" data-has-bg-color=\"false\" data-bg-color=\"\" data-bg-opacity=\"1\" data-animation=\"\" data-delay=\"0\" >\n\t\t<div class=\"vc_column-inner\" >\n\t\t\t<div class=\"wpb_wrapper\">\n\t\t\t\t<div class=\"nectar-fancy-ul\" data-list-icon=\"none\" data-animation=\"false\" data-animation-delay=\"0\" data-color=\"accent-color\" data-spacing=\"default\" data-alignment=\"left\"> \n<ul>\n<li><span style=\"color: #3366ff;\"><strong>\u2713<\/strong>\u00a0<\/span>Advisering en assistentie<\/li>\n<\/ul>\n <\/div>\n\t\t\t<\/div> \n\t\t<\/div>\n\t<\/div> \n<\/div><\/div>\n\t\t<div id=\"fws_6a0076eb9c448\"  data-column-margin=\"default\" data-midnight=\"dark\"  class=\"wpb_row vc_row-fluid vc_row\"  style=\"padding-top: 0px; padding-bottom: 0px; \"><div class=\"row-bg-wrap\" data-bg-animation=\"none\" data-bg-overlay=\"false\"><div class=\"inner-wrap\"><div class=\"row-bg viewport-desktop\"  style=\"\"><\/div><\/div><\/div><div class=\"row_col_wrap_12 col span_12 dark left\">\n\t<div  class=\"vc_col-sm-6 wpb_column column_container vc_column_container col no-extra-padding inherit_tablet inherit_phone \"  data-padding-pos=\"all\" data-has-bg-color=\"false\" data-bg-color=\"\" data-bg-opacity=\"1\" data-animation=\"\" data-delay=\"0\" >\n\t\t<div class=\"vc_column-inner\" >\n\t\t\t<div class=\"wpb_wrapper\">\n\t\t\t\t<div class=\"img-with-aniamtion-wrap \" data-max-width=\"100%\" data-max-width-mobile=\"default\" data-shadow=\"none\" data-animation=\"ro-reveal-from-left\" >\n      <div class=\"inner\">\n        <div class=\"hover-wrap\"> \n          <div class=\"hover-wrap-inner\">\n            <img decoding=\"async\" class=\"img-with-animation skip-lazy \" data-delay=\"0\" height=\"1080\" width=\"1620\" data-animation=\"ro-reveal-from-left\" src=\"https:\/\/tromp-rail.eu\/wp-content\/uploads\/2022\/06\/1O2A9468-copy-scaled.jpg\" alt=\"twee treinen op spoorweg\" srcset=\"https:\/\/tromp-rail.eu\/wp-content\/uploads\/2022\/06\/1O2A9468-copy-scaled.jpg 1620w, https:\/\/tromp-rail.eu\/wp-content\/uploads\/2022\/06\/1O2A9468-copy-300x200.jpg 300w, https:\/\/tromp-rail.eu\/wp-content\/uploads\/2022\/06\/1O2A9468-copy-1024x683.jpg 1024w, https:\/\/tromp-rail.eu\/wp-content\/uploads\/2022\/06\/1O2A9468-copy-768x512.jpg 768w, https:\/\/tromp-rail.eu\/wp-content\/uploads\/2022\/06\/1O2A9468-copy-1536x1024.jpg 1536w, https:\/\/tromp-rail.eu\/wp-content\/uploads\/2022\/06\/1O2A9468-copy-2048x1365.jpg 2048w, https:\/\/tromp-rail.eu\/wp-content\/uploads\/2022\/06\/1O2A9468-copy-900x600.jpg 900w\" sizes=\"(max-width: 1620px) 100vw, 1620px\" \/>\n          <\/div>\n        <\/div>\n      <\/div>\n    <\/div>\n\t\t\t<\/div> \n\t\t<\/div>\n\t<\/div> \n\n\t<div  class=\"vc_col-sm-6 wpb_column column_container vc_column_container col no-extra-padding inherit_tablet inherit_phone \"  data-padding-pos=\"all\" data-has-bg-color=\"false\" data-bg-color=\"\" data-bg-opacity=\"1\" data-animation=\"\" data-delay=\"0\" >\n\t\t<div class=\"vc_column-inner\" >\n\t\t\t<div class=\"wpb_wrapper\">\n\t\t\t\t\n<div class=\"wpb_text_column wpb_content_element \" >\n\t<div class=\"wpb_wrapper\">\n\t\t<h2>Wat houdt een consult over industri\u00eble railsystemen in?<\/h2>\n<p>Middels een consult over industri\u00eble railsystemen bied ik advies op maat aan bedrijven die behoefte hebben aan specifieke railsystemen voor industri\u00eble toepassingen. Bij railsysteem engineering voor industri\u00eble toepassingen wordt rekening gehouden met de transportbehoeften, de veiligheidsnormen en de effici\u00ebntie. Het <a href=\"https:\/\/tromp-rail.eu\/nl\">consult voor de infrastructuur van de spoorwegen<\/a> wordt na diverse controles uitgebracht. Zo voer ik onder meer de volgende controles uit:<\/p>\n<ul>\n<li><a href=\"https:\/\/tromp-rail.eu\/nl\/controle-technisch-management-treinen\/\">Controle van het technisch management<\/a><\/li>\n<li><a href=\"https:\/\/tromp-rail.eu\/nl\/controle-treinbesturingssystemen\/\">Controle van het treinbesturingssysteem<\/a><\/li>\n<li><a href=\"https:\/\/tromp-rail.eu\/nl\/controle-spoorwegsysteem\/\">Controle van het spoorwegsysteem<\/a><\/li>\n<\/ul>\n<p>Met de kennis en ervaring die ik heb opgedaan uit eerdere projecten weet ik u te voorzien van passende consulting over industrieel railsysteem engineering.<\/p>\n\t<\/div>\n<\/div>\n\n\n\n\n\t\t\t<\/div> \n\t\t<\/div>\n\t<\/div> \n<\/div><\/div>\n\t\t<div id=\"fws_6a0076eb9d0e7\"  data-column-margin=\"default\" data-midnight=\"dark\"  class=\"wpb_row vc_row-fluid vc_row\"  style=\"padding-top: 0px; padding-bottom: 0px; \"><div class=\"row-bg-wrap\" data-bg-animation=\"none\" data-bg-overlay=\"false\"><div class=\"inner-wrap\"><div class=\"row-bg viewport-desktop\"  style=\"\"><\/div><\/div><\/div><div class=\"row_col_wrap_12 col span_12 dark left\">\n\t<div  class=\"vc_col-sm-12 wpb_column column_container vc_column_container col no-extra-padding inherit_tablet inherit_phone \"  data-padding-pos=\"all\" data-has-bg-color=\"false\" data-bg-color=\"\" data-bg-opacity=\"1\" data-animation=\"\" data-delay=\"0\" >\n\t\t<div class=\"vc_column-inner\" >\n\t\t\t<div class=\"wpb_wrapper\">\n\t\t\t\t\n<div class=\"wpb_text_column wpb_content_element \" >\n\t<div class=\"wpb_wrapper\">\n\t\t<h3>Neem vrijblijvend contact op<\/h3>\n<p>Ik voorzie u graag van een consult met betrekking tot de ontwikkeling van industri\u00eble railsystemen. Neem contact op via <a href=\"https:\/\/tromp-rail.eu\/nl\/contact\/\">het contactformulier<\/a> voor meer informatie. Met mijn advies en assistentie op het gebied van railsysteem engineering, rekent u op goed ontworpen en effici\u00ebnte industri\u00eble railsystemen.<\/p>\n\t<\/div>\n<\/div>\n\n\n\n\n\t\t\t<\/div> \n\t\t<\/div>\n\t<\/div> \n<\/div><\/div>\n\t\t<div id=\"fws_6a0076eb9d543\"  data-column-margin=\"default\" data-midnight=\"light\" data-top-percent=\"2%\" data-bottom-percent=\"5%\"  class=\"wpb_row vc_row-fluid vc_row full-width-section\"  style=\"padding-top: calc(100vw * 0.02); padding-bottom: calc(100vw * 0.05); \"><div class=\"row-bg-wrap\" data-bg-animation=\"none\" data-bg-overlay=\"false\"><div class=\"inner-wrap\"><div class=\"row-bg viewport-desktop using-bg-color\"  style=\"background-color: #ffffff; \"><\/div><\/div><\/div><div class=\"nectar-shape-divider-wrap \" style=\" height:50%;\" data-using-percent-val=\"true\" data-height=\"50%\" data-front=\"\" data-style=\"straight_section\" data-position=\"bottom\" ><svg class=\"nectar-shape-divider\" aria-hidden=\"true\" fill=\"#eaf1fd\" xmlns=\"http:\/\/www.w3.org\/2000\/svg\" viewBox=\"0 0 100 10\" preserveAspectRatio=\"none\"> <polygon points=\"104 10, 104 0, 0 0, 0 10\"><\/polygon> <\/svg><\/div><div class=\"row_col_wrap_12 col span_12 light left\">\n\t<div style=\" color: #ffffff;\" class=\"vc_col-sm-12 wpb_column column_container vc_column_container col centered-text padding-5-percent inherit_tablet inherit_phone \" data-cfc=\"true\" data-using-bg=\"true\" data-border-radius=\"5px\" data-overlay-color=\"true\" data-bg-cover=\"true\" data-padding-pos=\"left-right\" data-has-bg-color=\"false\" data-bg-color=\"\" data-bg-opacity=\"1\" data-animation=\"\" data-delay=\"0\" >\n\t\t<div class=\"vc_column-inner\" ><div class=\"column-image-bg-wrap column-bg-layer viewport-desktop\" data-bg-pos=\"center center\" data-bg-animation=\"zoom-out-reveal\" data-bg-overlay=\"true\"><div class=\"inner-wrap\"><div class=\"column-image-bg\" style=\" background-image: url('https:\/\/tromp-rail.eu\/wp-content\/uploads\/2022\/06\/DSCN0193-scaled.jpg'); \"><\/div><\/div><\/div><div class=\"column-bg-overlay-wrap column-bg-layer\" data-bg-animation=\"zoom-out-reveal\"><div class=\"column-bg-overlay\"><\/div><div class=\"column-overlay-layer\" style=\"background: #005799; background: linear-gradient(135deg,#005799 0%,#74a4c4 100%);  opacity: 0.8; \"><\/div><\/div>\n\t\t\t<div class=\"wpb_wrapper\">\n\t\t\t\t<div id=\"fws_6a0076eb9e128\" data-midnight=\"\" data-column-margin=\"default\" class=\"wpb_row vc_row-fluid vc_row inner_row\"  style=\"padding-top: 10%; \"><div class=\"row-bg-wrap\"> <div class=\"row-bg\" ><\/div> <\/div><div class=\"row_col_wrap_12_inner col span_12  left\">\n\t<div  class=\"vc_col-sm-3 wpb_column column_container vc_column_container col child_column no-extra-padding inherit_tablet inherit_phone \"   data-padding-pos=\"all\" data-has-bg-color=\"false\" data-bg-color=\"\" data-bg-opacity=\"1\" data-animation=\"\" data-delay=\"0\" >\n\t\t<div class=\"vc_column-inner\" >\n\t\t<div class=\"wpb_wrapper\">\n\t\t\t\n\t\t<\/div> \n\t<\/div>\n\t<\/div> \n\n\t<div  class=\"vc_col-sm-6 wpb_column column_container vc_column_container col child_column no-extra-padding inherit_tablet inherit_phone \"   data-padding-pos=\"all\" data-has-bg-color=\"false\" data-bg-color=\"\" data-bg-opacity=\"1\" data-animation=\"\" data-delay=\"0\" >\n\t\t<div class=\"vc_column-inner\" >\n\t\t<div class=\"wpb_wrapper\">\n\t\t\t<div class=\"nectar-split-heading \" data-align=\"default\" data-m-align=\"inherit\" data-text-effect=\"default\" data-animation-type=\"line-reveal-by-space\" data-animation-delay=\"400\" data-animation-offset=\"\" data-m-rm-animation=\"\" data-stagger=\"\" data-custom-font-size=\"false\" ><h2 >Benieuwd wat ik voor u kan betekenen? Neem dan geheel vrijblijvend contact op.<\/h2><\/div>\n\t\t<\/div> \n\t<\/div>\n\t<\/div> \n\n\t<div  class=\"vc_col-sm-3 wpb_column column_container vc_column_container col child_column no-extra-padding inherit_tablet inherit_phone \"   data-padding-pos=\"all\" data-has-bg-color=\"false\" data-bg-color=\"\" data-bg-opacity=\"1\" data-animation=\"\" data-delay=\"0\" >\n\t\t<div class=\"vc_column-inner\" >\n\t\t<div class=\"wpb_wrapper\">\n\t\t\t\n\t\t<\/div> \n\t<\/div>\n\t<\/div> \n<\/div><\/div><div id=\"fws_6a0076eb9ee57\" data-midnight=\"\" data-column-margin=\"default\" class=\"wpb_row vc_row-fluid vc_row inner_row\"  style=\"padding-top: 20px; padding-bottom: 10%; \"><div class=\"row-bg-wrap\"> <div class=\"row-bg\" ><\/div> <\/div><div class=\"row_col_wrap_12_inner col span_12  left\">\n\t<div  class=\"vc_col-sm-12 wpb_column column_container vc_column_container col child_column no-extra-padding inherit_tablet inherit_phone \"   data-padding-pos=\"all\" data-has-bg-color=\"false\" data-bg-color=\"\" data-bg-opacity=\"1\" data-animation=\"\" data-delay=\"0\" >\n\t\t<div class=\"vc_column-inner\" >\n\t\t<div class=\"wpb_wrapper\">\n\t\t\t<a class=\"nectar-button large regular accent-color  regular-button\"  style=\"margin-right: 25px; color: #0a0101; background-color: #ffffff;\"  href=\"\/contact\/\" data-color-override=\"#ffffff\" data-hover-color-override=\"false\" data-hover-text-color-override=\"#fff\"><span>Contact opnemen<\/span><\/a>\n\t\t<\/div> \n\t<\/div>\n\t<\/div> \n<\/div><\/div>\n\t\t\t<\/div> \n\t\t<\/div>\n\t<\/div> \n<\/div><\/div>\n","protected":false},"excerpt":{"rendered":"Consult over industri\u00eble railsystemenTromp-rail BV uit Lelystad is gespecialiseerd in het uitbrengen van een consult over industri\u00eble railsystemen. Ik breng advies uit op verschillende vlakken rondom railsysteem engineering. Het ontwerpen...","protected":false},"author":2,"featured_media":0,"parent":0,"menu_order":0,"comment_status":"closed","ping_status":"closed","template":"","meta":{"footnotes":""},"class_list":["post-506","page","type-page","status-publish"],"_links":{"self":[{"href":"https:\/\/tromp-rail.eu\/nl\/wp-json\/wp\/v2\/pages\/506","targetHints":{"allow":["GET"]}}],"collection":[{"href":"https:\/\/tromp-rail.eu\/nl\/wp-json\/wp\/v2\/pages"}],"about":[{"href":"https:\/\/tromp-rail.eu\/nl\/wp-json\/wp\/v2\/types\/page"}],"author":[{"embeddable":true,"href":"https:\/\/tromp-rail.eu\/nl\/wp-json\/wp\/v2\/users\/2"}],"replies":[{"embeddable":true,"href":"https:\/\/tromp-rail.eu\/nl\/wp-json\/wp\/v2\/comments?post=506"}],"version-history":[{"count":2,"href":"https:\/\/tromp-rail.eu\/nl\/wp-json\/wp\/v2\/pages\/506\/revisions"}],"predecessor-version":[{"id":508,"href":"https:\/\/tromp-rail.eu\/nl\/wp-json\/wp\/v2\/pages\/506\/revisions\/508"}],"wp:attachment":[{"href":"https:\/\/tromp-rail.eu\/nl\/wp-json\/wp\/v2\/media?parent=506"}],"curies":[{"name":"wp","href":"https:\/\/api.w.org\/{rel}","templated":true}]}}